{"id":18,"date":"2025-05-24T15:59:47","date_gmt":"2025-05-24T18:59:47","guid":{"rendered":"https:\/\/filipesouza.com.br\/nutricaoplena360\/?page_id=18"},"modified":"2025-05-30T07:42:18","modified_gmt":"2025-05-30T10:42:18","slug":"home","status":"publish","type":"page","link":"https:\/\/filipesouza.com.br\/nutricaoplena360\/","title":{"rendered":"Home"},"content":{"rendered":"\t\t<div data-elementor-type=\"wp-page\" data-elementor-id=\"18\" class=\"elementor elementor-18\" data-elementor-post-type=\"page\">\n\t\t\t\t<div class=\"elementor-element elementor-element-e57dced e-flex e-con-boxed e-con e-parent\" data-id=\"e57dced\" data-element_type=\"container\" data-e-type=\"container\" data-settings=\"{&quot;ekit_has_onepagescroll_dot&quot;:&quot;yes&quot;}\">\n\t\t\t\t\t<div class=\"e-con-inner\">\n\t\t\t\t<div class=\"elementor-element elementor-element-2ad9ce7 elementor-widget elementor-widget-elementskit-blog-posts\" data-id=\"2ad9ce7\" data-element_type=\"widget\" data-e-type=\"widget\" data-settings=\"{&quot;ekit_we_effect_on&quot;:&quot;none&quot;}\" data-widget_type=\"elementskit-blog-posts.default\">\n\t\t\t\t\t<div class=\"ekit-wid-con\" >\n        <div id=\"post-items--2ad9ce7\" class=\"row post-items ekit-blog-posts-content wihout-masonry \" data-enable=\"no\">\n\n\t\t\t<!-- Blog Carousel markup render -->\n\t\t\t\n\n            <div class=\"col-md-12\">\n\n                                    <div class=\"elementskit-blog-block-post\">\n                        <div class=\"row no-gutters\">\n                                                            <div class=\"col-md-6 order-2\">\n                                    <a href=\"https:\/\/filipesouza.com.br\/nutricaoplena360\/planejamento-alimentar-sem-complicar-guia-pratico\/\" class=\"elementskit-entry-thumb\">\n                                        <img decoding=\"async\" src=\"https:\/\/filipesouza.com.br\/nutricaoplena360\/wp-content\/uploads\/2025\/06\/ChatGPT-Image-1-de-jun.-de-2025-15_09_26.jpg\" alt=\"Planejamento alimentar sem complicar: guia pr\u00e1tico\">\n                                    <\/a><!-- .elementskit-entry-thumb END -->\n                                <\/div>\n                            \n                            <div class=\"col-md-6 order-1\">\n                                <div class=\"elementskit-post-body ekit-highlight-border\">\n                                    <div class=\"elementskit-entry-header\">\n                                        \n                                                                                                                            <div class=\"post-meta-list\">\n                                                                                                <span class=\"meta-date\">\n\n                                <i aria-hidden=\"true\" class=\"icon icon-calendar3\"><\/i>\n                                <span class=\"meta-date-text\">\n                                    1 de junho de 2025                                <\/span>\n                            <\/span>\n                                                                                                                                                                                                <span class=\"post-cat\">\n\n                                <i aria-hidden=\"true\" class=\"icon icon-layers1\"><\/i>\n\t\t\t\t\t\t\t\t<a href=\"https:\/\/filipesouza.com.br\/nutricaoplena360\/category\/nutricao-na-rotina-real\/\" rel=\"category tag\">Nutri\u00e7\u00e3o na rotina real<\/a>\n                            <\/span>\n                                                                                    <\/div>\n                                                                            \n                                            \n                                            \t\t\t\t\t\t\t\t\t\t\t\t                <h2 class=\"entry-title\">\n                    <a href=\"https:\/\/filipesouza.com.br\/nutricaoplena360\/planejamento-alimentar-sem-complicar-guia-pratico\/\">\n                            Planejamento alimentar sem complicar: guia pr\u00e1tico                    <\/a>\n                <\/h2>\n                                                                                                <\/div><!-- .elementskit-entry-header END -->\n\n                                                                            <div class=\"elementskit-post-footer\">\n                                            \t\t\t\t\t\t\t\t\t\t\t\t<p>Planejar as refei\u00e7\u00f5es da semana parece miss\u00e3o de gente muito organizada, n\u00e9? Daquelas que t\u00eam planilha at\u00e9 pro caf\u00e9 da manh\u00e3. Mas a verdade \u00e9 que o planejamento alimentar pode (e deve!) ser simples e&hellip;<\/p>\n                                                                                                                                <\/div><!-- .elementskit-post-footer END -->\n                                                                    <\/div><!-- .elementskit-post-body END -->\n                            <\/div>\n                        <\/div>\n                    <\/div><!-- .elementskit-blog-block-post .radius .gradient-bg END -->\n                \n            <\/div>\t\t\t\t        <\/div>\n        \n        \n        <\/div>\t\t\t\t<\/div>\n\t\t\t\t\t<\/div>\n\t\t\t\t<\/div>\n\t\t<div class=\"elementor-element elementor-element-bc33083 e-flex e-con-boxed e-con e-parent\" data-id=\"bc33083\" data-element_type=\"container\" data-e-type=\"container\" data-settings=\"{&quot;ekit_has_onepagescroll_dot&quot;:&quot;yes&quot;}\">\n\t\t\t\t\t<div class=\"e-con-inner\">\n\t\t\t\t<div class=\"elementor-element elementor-element-ce106cd elementor-widget elementor-widget-elementskit-heading\" data-id=\"ce106cd\" data-element_type=\"widget\" data-e-type=\"widget\" data-settings=\"{&quot;ekit_we_effect_on&quot;:&quot;none&quot;}\" data-widget_type=\"elementskit-heading.default\">\n\t\t\t\t\t<div class=\"ekit-wid-con\" ><div class=\"ekit-heading elementskit-section-title-wraper text_left   ekit_heading_tablet-   ekit_heading_mobile-\"><h2 class=\"ekit-heading--title elementskit-section-title \">Cozinha Afetiva &amp; <span><span>Saud\u00e1vel<\/span><\/span><\/h2><div class=\"ekit_heading_separetor_wraper ekit_heading_elementskit-border-divider ekit-dotted\"><div class=\"elementskit-border-divider ekit-dotted\"><\/div><\/div><\/div><\/div>\t\t\t\t<\/div>\n\t\t\t\t<div class=\"elementor-element elementor-element-087cd8f elementor-widget__width-inherit elementor-widget elementor-widget-elementskit-blog-posts\" data-id=\"087cd8f\" data-element_type=\"widget\" data-e-type=\"widget\" data-settings=\"{&quot;ekit_we_effect_on&quot;:&quot;none&quot;}\" data-widget_type=\"elementskit-blog-posts.default\">\n\t\t\t\t\t<div class=\"ekit-wid-con\" >\n        <div id=\"post-items--087cd8f\" class=\"row post-items ekit-blog-posts-content wihout-masonry \" data-enable=\"no\">\n\n\t\t\t<!-- Blog Carousel markup render -->\n\t\t\t\n\n            <div class=\"col-lg-4 col-md-6\">\n\n                                    <div class=\"elementskit-post-image-card\">\n                        <div class=\"elementskit-entry-header\">\n                                                            <a href=\"https:\/\/filipesouza.com.br\/nutricaoplena360\/almoco-de-domingo-leve-e-saboroso-receba-o-prazer-a-mesa-sem-culpa\/\" class=\"elementskit-entry-thumb\">\n                                    <img decoding=\"async\" src=\"https:\/\/filipesouza.com.br\/nutricaoplena360\/wp-content\/uploads\/2025\/05\/ChatGPT-Image-30-de-mai.-de-2025-08_01_50.jpg\" alt=\"Almo\u00e7o de domingo leve e saboroso: receba o prazer \u00e0 mesa sem culpa\">\n                                <\/a><!-- .elementskit-entry-thumb END -->\n                                                            \n                            \n                                                    <\/div><!-- .elementskit-entry-header END -->\n\n                        <div class=\"elementskit-post-body \">\n                            \n                                                                                                                                                        \n                                        \n                                        \t\t\t\t\t\t\t\t\t\t                <h2 class=\"entry-title\">\n                    <a href=\"https:\/\/filipesouza.com.br\/nutricaoplena360\/almoco-de-domingo-leve-e-saboroso-receba-o-prazer-a-mesa-sem-culpa\/\">\n                            Almo\u00e7o de domingo leve e saboroso: receba o prazer \u00e0 mesa sem culpa                    <\/a>\n                <\/h2>\n                                                                                                                                                                                                            <div class=\"btn-wraper\">\n                                    \n                                                                            <a href=\"https:\/\/filipesouza.com.br\/nutricaoplena360\/almoco-de-domingo-leve-e-saboroso-receba-o-prazer-a-mesa-sem-culpa\/\" class=\"elementskit-btn  whitespace--normal\" >\n                                        <i aria-hidden=\"true\" class=\"icon icon-pointer-up\"><\/i>                                            Leia Mais                                        <\/a>\n                                                                    <\/div>\n                                                    <\/div><!-- .elementskit-post-body END -->\n                    <\/div>\n                \n            <\/div>\t\t\t\t\n\n            <div class=\"col-lg-4 col-md-6\">\n\n                                    <div class=\"elementskit-post-image-card\">\n                        <div class=\"elementskit-entry-header\">\n                                                            <a href=\"https:\/\/filipesouza.com.br\/nutricaoplena360\/receitas-que-abracam-bolo-de-banana-integral\/\" class=\"elementskit-entry-thumb\">\n                                    <img decoding=\"async\" src=\"https:\/\/filipesouza.com.br\/nutricaoplena360\/wp-content\/uploads\/2025\/05\/ChatGPT-Image-30-de-mai.-de-2025-07_52_07.jpg\" alt=\"Receitas que abra\u00e7am: bolo de banana integral\">\n                                <\/a><!-- .elementskit-entry-thumb END -->\n                                                            \n                            \n                                                    <\/div><!-- .elementskit-entry-header END -->\n\n                        <div class=\"elementskit-post-body \">\n                            \n                                                                                                                                                        \n                                        \n                                        \t\t\t\t\t\t\t\t\t\t                <h2 class=\"entry-title\">\n                    <a href=\"https:\/\/filipesouza.com.br\/nutricaoplena360\/receitas-que-abracam-bolo-de-banana-integral\/\">\n                            Receitas que abra\u00e7am: bolo de banana integral                    <\/a>\n                <\/h2>\n                                                                                                                                                                                                            <div class=\"btn-wraper\">\n                                    \n                                                                            <a href=\"https:\/\/filipesouza.com.br\/nutricaoplena360\/receitas-que-abracam-bolo-de-banana-integral\/\" class=\"elementskit-btn  whitespace--normal\" >\n                                        <i aria-hidden=\"true\" class=\"icon icon-pointer-up\"><\/i>                                            Leia Mais                                        <\/a>\n                                                                    <\/div>\n                                                    <\/div><!-- .elementskit-post-body END -->\n                    <\/div>\n                \n            <\/div>\t\t\t\t\n\n            <div class=\"col-lg-4 col-md-6\">\n\n                                    <div class=\"elementskit-post-image-card\">\n                        <div class=\"elementskit-entry-header\">\n                                                            <a href=\"https:\/\/filipesouza.com.br\/nutricaoplena360\/7-lanches-saudaveis-para-mulheres-ocupadas\/\" class=\"elementskit-entry-thumb\">\n                                    <img decoding=\"async\" src=\"https:\/\/filipesouza.com.br\/nutricaoplena360\/wp-content\/uploads\/2025\/05\/ChatGPT-Image-29-de-mai.-de-2025-20_00_18.jpg\" alt=\"7 lanches saud\u00e1veis para mulheres ocupadas\">\n                                <\/a><!-- .elementskit-entry-thumb END -->\n                                                            \n                            \n                                                    <\/div><!-- .elementskit-entry-header END -->\n\n                        <div class=\"elementskit-post-body \">\n                            \n                                                                                                                                                        \n                                        \n                                        \t\t\t\t\t\t\t\t\t\t                <h2 class=\"entry-title\">\n                    <a href=\"https:\/\/filipesouza.com.br\/nutricaoplena360\/7-lanches-saudaveis-para-mulheres-ocupadas\/\">\n                            7 lanches saud\u00e1veis para mulheres ocupadas                    <\/a>\n                <\/h2>\n                                                                                                                                                                                                            <div class=\"btn-wraper\">\n                                    \n                                                                            <a href=\"https:\/\/filipesouza.com.br\/nutricaoplena360\/7-lanches-saudaveis-para-mulheres-ocupadas\/\" class=\"elementskit-btn  whitespace--normal\" >\n                                        <i aria-hidden=\"true\" class=\"icon icon-pointer-up\"><\/i>                                            Leia Mais                                        <\/a>\n                                                                    <\/div>\n                                                    <\/div><!-- .elementskit-post-body END -->\n                    <\/div>\n                \n            <\/div>\t\t\t\t        <\/div>\n        \n        \n        <\/div>\t\t\t\t<\/div>\n\t\t\t\t\t<\/div>\n\t\t\t\t<\/div>\n\t\t<div class=\"elementor-element elementor-element-2e37418 e-flex e-con-boxed e-con e-parent\" data-id=\"2e37418\" data-element_type=\"container\" data-e-type=\"container\" data-settings=\"{&quot;ekit_has_onepagescroll_dot&quot;:&quot;yes&quot;}\">\n\t\t\t\t\t<div class=\"e-con-inner\">\n\t\t\t\t<div class=\"elementor-element elementor-element-a4d3955 elementor-widget elementor-widget-elementskit-heading\" data-id=\"a4d3955\" data-element_type=\"widget\" data-e-type=\"widget\" data-settings=\"{&quot;ekit_we_effect_on&quot;:&quot;none&quot;}\" data-widget_type=\"elementskit-heading.default\">\n\t\t\t\t\t<div class=\"ekit-wid-con\" ><div class=\"ekit-heading elementskit-section-title-wraper text_left   ekit_heading_tablet-   ekit_heading_mobile-\"><h2 class=\"ekit-heading--title elementskit-section-title \">Reeduca\u00e7\u00e3o Alimentar <span><span>Leve<\/span><\/span><\/h2><div class=\"ekit_heading_separetor_wraper ekit_heading_elementskit-border-divider ekit-dotted\"><div class=\"elementskit-border-divider ekit-dotted\"><\/div><\/div><\/div><\/div>\t\t\t\t<\/div>\n\t\t\t\t<div class=\"elementor-element elementor-element-480b878 elementor-widget__width-inherit elementor-widget elementor-widget-elementskit-blog-posts\" data-id=\"480b878\" data-element_type=\"widget\" data-e-type=\"widget\" data-settings=\"{&quot;ekit_we_effect_on&quot;:&quot;none&quot;}\" data-widget_type=\"elementskit-blog-posts.default\">\n\t\t\t\t\t<div class=\"ekit-wid-con\" >\n        <div id=\"post-items--480b878\" class=\"row post-items ekit-blog-posts-content wihout-masonry carousel-enabled\" data-enable=\"yes\">\n\n\t\t\t<!-- Blog Carousel markup render -->\n\t\t\t\t\t\t\t<div class=\"ekit-main-swiper swiper blogCarousel\" data-settings=\"{&quot;direction&quot;:&quot;ltr&quot;,&quot;spaceBetween&quot;:0,&quot;slidesPerView&quot;:3,&quot;slidesPerGroup&quot;:3,&quot;navigation&quot;:false,&quot;pagination&quot;:false,&quot;speed&quot;:900,&quot;autoplay&quot;:false,&quot;autoplayDelay&quot;:3000,&quot;pauseOnHover&quot;:true,&quot;breakPoints&quot;:{&quot;360&quot;:{&quot;slidesPerView&quot;:1,&quot;slidesPerGroup&quot;:1},&quot;767&quot;:{&quot;slidesPerView&quot;:2,&quot;slidesPerGroup&quot;:1},&quot;1024&quot;:{&quot;slidesPerView&quot;:3,&quot;slidesPerGroup&quot;:3},&quot;1400&quot;:{&quot;slidesPerView&quot;:3,&quot;slidesPerGroup&quot;:3}}}\">\n\t\t\t\t\t<div class=\"swiper-wrapper\">\n\t\t\t\n\n            <div class=\"swiper-slide\">\n\n                                    <div class=\"elementskit-post-image-card\">\n                        <div class=\"elementskit-entry-header\">\n                                                            <a href=\"https:\/\/filipesouza.com.br\/nutricaoplena360\/reeducacao-alimentar-leve-comece-por-aqui\/\" class=\"elementskit-entry-thumb\">\n                                    <img decoding=\"async\" src=\"https:\/\/filipesouza.com.br\/nutricaoplena360\/wp-content\/uploads\/2025\/05\/ChatGPT-Image-30-de-mai.-de-2025-07_35_59.jpg\" alt=\"Reeduca\u00e7\u00e3o alimentar leve: comece por aqui\">\n                                <\/a><!-- .elementskit-entry-thumb END -->\n                                                            \n                            \n                                                    <\/div><!-- .elementskit-entry-header END -->\n\n                        <div class=\"elementskit-post-body \">\n                            \n                                                                                                                                                        \n                                        \n                                        \t\t\t\t\t\t\t\t\t\t                <h2 class=\"entry-title\">\n                    <a href=\"https:\/\/filipesouza.com.br\/nutricaoplena360\/reeducacao-alimentar-leve-comece-por-aqui\/\">\n                            Reeduca\u00e7\u00e3o alimentar leve: comece por aqui                    <\/a>\n                <\/h2>\n                                                                                                                                                                                                            <div class=\"btn-wraper\">\n                                    \n                                                                            <a href=\"https:\/\/filipesouza.com.br\/nutricaoplena360\/reeducacao-alimentar-leve-comece-por-aqui\/\" class=\"elementskit-btn  whitespace--normal\" >\n                                        <i aria-hidden=\"true\" class=\"icon icon-pointer-up\"><\/i>                                            Leia Mais                                        <\/a>\n                                                                    <\/div>\n                                                    <\/div><!-- .elementskit-post-body END -->\n                    <\/div>\n                \n            <\/div>\t\t\t\t\n\n            <div class=\"swiper-slide\">\n\n                                    <div class=\"elementskit-post-image-card\">\n                        <div class=\"elementskit-entry-header\">\n                                                            <a href=\"https:\/\/filipesouza.com.br\/nutricaoplena360\/o-que-e-alimentacao-intuitiva-e-como-praticar\/\" class=\"elementskit-entry-thumb\">\n                                    <img decoding=\"async\" src=\"https:\/\/filipesouza.com.br\/nutricaoplena360\/wp-content\/uploads\/2025\/05\/ChatGPT-Image-30-de-mai.-de-2025-07_30_16.jpg\" alt=\"O que \u00e9 alimenta\u00e7\u00e3o intuitiva e como praticar\">\n                                <\/a><!-- .elementskit-entry-thumb END -->\n                                                            \n                            \n                                                    <\/div><!-- .elementskit-entry-header END -->\n\n                        <div class=\"elementskit-post-body \">\n                            \n                                                                                                                                                        \n                                        \n                                        \t\t\t\t\t\t\t\t\t\t                <h2 class=\"entry-title\">\n                    <a href=\"https:\/\/filipesouza.com.br\/nutricaoplena360\/o-que-e-alimentacao-intuitiva-e-como-praticar\/\">\n                            O que \u00e9 alimenta\u00e7\u00e3o intuitiva e como praticar                    <\/a>\n                <\/h2>\n                                                                                                                                                                                                            <div class=\"btn-wraper\">\n                                    \n                                                                            <a href=\"https:\/\/filipesouza.com.br\/nutricaoplena360\/o-que-e-alimentacao-intuitiva-e-como-praticar\/\" class=\"elementskit-btn  whitespace--normal\" >\n                                        <i aria-hidden=\"true\" class=\"icon icon-pointer-up\"><\/i>                                            Leia Mais                                        <\/a>\n                                                                    <\/div>\n                                                    <\/div><!-- .elementskit-post-body END -->\n                    <\/div>\n                \n            <\/div>\t\t\t\t\n\n            <div class=\"swiper-slide\">\n\n                                    <div class=\"elementskit-post-image-card\">\n                        <div class=\"elementskit-entry-header\">\n                                                            <a href=\"https:\/\/filipesouza.com.br\/nutricaoplena360\/passos-para-reconectar-com-sua-fome-real\/\" class=\"elementskit-entry-thumb\">\n                                    <img decoding=\"async\" src=\"https:\/\/filipesouza.com.br\/nutricaoplena360\/wp-content\/uploads\/2025\/05\/ChatGPT-Image-30-de-mai.-de-2025-07_18_34.jpg\" alt=\"Passos para reconectar com sua fome real\">\n                                <\/a><!-- .elementskit-entry-thumb END -->\n                                                            \n                            \n                                                    <\/div><!-- .elementskit-entry-header END -->\n\n                        <div class=\"elementskit-post-body \">\n                            \n                                                                                                                                                        \n                                        \n                                        \t\t\t\t\t\t\t\t\t\t                <h2 class=\"entry-title\">\n                    <a href=\"https:\/\/filipesouza.com.br\/nutricaoplena360\/passos-para-reconectar-com-sua-fome-real\/\">\n                            Passos para reconectar com sua fome real                    <\/a>\n                <\/h2>\n                                                                                                                                                                                                            <div class=\"btn-wraper\">\n                                    \n                                                                            <a href=\"https:\/\/filipesouza.com.br\/nutricaoplena360\/passos-para-reconectar-com-sua-fome-real\/\" class=\"elementskit-btn  whitespace--normal\" >\n                                        <i aria-hidden=\"true\" class=\"icon icon-pointer-up\"><\/i>                                            Leia Mais                                        <\/a>\n                                                                    <\/div>\n                                                    <\/div><!-- .elementskit-post-body END -->\n                    <\/div>\n                \n            <\/div>\t\t\t\t\t\t\t\t\t<\/div >\n\t\t\t\t<\/div>\n\t\t\t\t\t\t\t\t\t\t\t        <\/div>\n        \n        \n        <\/div>\t\t\t\t<\/div>\n\t\t\t\t\t<\/div>\n\t\t\t\t<\/div>\n\t\t\t\t<\/div>\n\t\t","protected":false},"excerpt":{"rendered":"<p>30 de maio de 2025 Reeduca\u00e7\u00e3o alimentar leve Reeduca\u00e7\u00e3o alimentar leve: comece por aqui Come\u00e7ar uma reeduca\u00e7\u00e3o alimentar pode parecer uma tarefa intimidadora, cheia de regras, restri\u00e7\u00f5es e termos complicados. Mas a verdade \u00e9 que esse processo pode \u2014 e deve \u2014 ser leve, gradual e acolhedor. Mais do&hellip; Cozinha Afetiva &amp; Saud\u00e1vel 7 lanches [&hellip;] <\/p>\n","protected":false},"author":2,"featured_media":0,"parent":0,"menu_order":0,"comment_status":"closed","ping_status":"closed","template":"elementor_header_footer","meta":{"footnotes":""},"class_list":["post-18","page","type-page","status-publish","hentry"],"_links":{"self":[{"href":"https:\/\/filipesouza.com.br\/nutricaoplena360\/wp-json\/wp\/v2\/pages\/18","targetHints":{"allow":["GET"]}}],"collection":[{"href":"https:\/\/filipesouza.com.br\/nutricaoplena360\/wp-json\/wp\/v2\/pages"}],"about":[{"href":"https:\/\/filipesouza.com.br\/nutricaoplena360\/wp-json\/wp\/v2\/types\/page"}],"author":[{"embeddable":true,"href":"https:\/\/filipesouza.com.br\/nutricaoplena360\/wp-json\/wp\/v2\/users\/2"}],"replies":[{"embeddable":true,"href":"https:\/\/filipesouza.com.br\/nutricaoplena360\/wp-json\/wp\/v2\/comments?post=18"}],"version-history":[{"count":43,"href":"https:\/\/filipesouza.com.br\/nutricaoplena360\/wp-json\/wp\/v2\/pages\/18\/revisions"}],"predecessor-version":[{"id":112,"href":"https:\/\/filipesouza.com.br\/nutricaoplena360\/wp-json\/wp\/v2\/pages\/18\/revisions\/112"}],"wp:attachment":[{"href":"https:\/\/filipesouza.com.br\/nutricaoplena360\/wp-json\/wp\/v2\/media?parent=18"}],"curies":[{"name":"wp","href":"https:\/\/api.w.org\/{rel}","templated":true}]}}